{"id":467,"date":"2024-11-22T05:06:39","date_gmt":"2024-11-22T04:06:39","guid":{"rendered":"http:\/\/asoprep.com.ec\/?page_id=467"},"modified":"2024-11-22T14:02:37","modified_gmt":"2024-11-22T13:02:37","slug":"auditoria-externa","status":"publish","type":"page","link":"https:\/\/asoprep.com.ec\/?page_id=467","title":{"rendered":"Auditor\u00eda Externa"},"content":{"rendered":"\t\t<div data-elementor-type=\"wp-page\" data-elementor-id=\"467\" class=\"elementor elementor-467\" data-elementor-post-type=\"page\">\n\t\t\t\t<div class=\"elementor-element elementor-element-a5d2148 e-con-full e-flex e-con e-parent\" data-id=\"a5d2148\" data-element_type=\"container\">\n\t\t\t\t<div class=\"elementor-element elementor-element-2f49ea4 elementor--h-position-center elementor--v-position-middle elementor-arrows-position-inside elementor-pagination-position-inside elementor-widget elementor-widget-slides\" data-id=\"2f49ea4\" data-element_type=\"widget\" data-settings=\"{&quot;navigation&quot;:&quot;both&quot;,&quot;autoplay&quot;:&quot;yes&quot;,&quot;pause_on_hover&quot;:&quot;yes&quot;,&quot;pause_on_interaction&quot;:&quot;yes&quot;,&quot;autoplay_speed&quot;:5000,&quot;infinite&quot;:&quot;yes&quot;,&quot;transition&quot;:&quot;slide&quot;,&quot;transition_speed&quot;:500}\" data-widget_type=\"slides.default\">\n\t\t\t\t<div class=\"elementor-widget-container\">\n\t\t\t\t\t\t\t\t\t<div class=\"elementor-swiper\">\n\t\t\t\t\t<div class=\"elementor-slides-wrapper elementor-main-swiper swiper\" role=\"region\" aria-roledescription=\"carousel\" aria-label=\"Slides\" dir=\"ltr\" data-animation=\"fadeInUp\">\n\t\t\t\t<div class=\"swiper-wrapper elementor-slides\">\n\t\t\t\t\t\t\t\t\t\t<div class=\"elementor-repeater-item-b726100 swiper-slide\" role=\"group\" aria-roledescription=\"slide\"><div class=\"swiper-slide-bg elementor-ken-burns elementor-ken-burns--in\" role=\"img\"><\/div><div class=\"elementor-background-overlay\"><\/div><div class=\"swiper-slide-inner\" ><div class=\"swiper-slide-contents\"><div class=\"elementor-slide-heading\">Auditor\u00eda Externa<\/div><\/div><\/div><\/div>\t\t\t\t<\/div>\n\t\t\t\t\t\t\t<\/div>\n\t\t\t\t<\/div>\n\t\t\t\t\t\t\t\t<\/div>\n\t\t\t\t<\/div>\n\t\t\t\t<\/div>\n\t\t<div class=\"elementor-element elementor-element-09b7220 e-flex e-con-boxed e-con e-parent\" data-id=\"09b7220\" data-element_type=\"container\">\n\t\t\t\t\t<div class=\"e-con-inner\">\n\t\t\t\t<div class=\"elementor-element elementor-element-b249293 elementor-widget elementor-widget-spacer\" data-id=\"b249293\" data-element_type=\"widget\" data-widget_type=\"spacer.default\">\n\t\t\t\t<div class=\"elementor-widget-container\">\n\t\t\t\t\t\t\t<div class=\"elementor-spacer\">\n\t\t\t<div class=\"elementor-spacer-inner\"><\/div>\n\t\t<\/div>\n\t\t\t\t\t\t<\/div>\n\t\t\t\t<\/div>\n\t\t\t\t\t<\/div>\n\t\t\t\t<\/div>\n\t\t<div class=\"elementor-element elementor-element-64c4157 e-con-full e-flex e-con e-parent\" data-id=\"64c4157\" data-element_type=\"container\">\n\t\t\t\t<div class=\"elementor-element elementor-element-37791a7 e-n-tabs-mobile elementor-widget elementor-widget-n-tabs\" data-id=\"37791a7\" data-element_type=\"widget\" data-settings=\"{&quot;horizontal_scroll&quot;:&quot;disable&quot;}\" data-widget_type=\"nested-tabs.default\">\n\t\t\t\t<div class=\"elementor-widget-container\">\n\t\t\t\t\t\t\t<div class=\"e-n-tabs\" data-widget-number=\"58167719\" aria-label=\"Pesta\u00f1as. Abre elementos con Intro o Espacio, ci\u00e9rralos con Escape y navega con las fechas.\">\n\t\t\t<div class=\"e-n-tabs-heading\" role=\"tablist\">\n\t\t\t\t\t<button id=\"e-n-tab-title-581677191\" class=\"e-n-tab-title\" aria-selected=\"true\" data-tab-index=\"1\" role=\"tab\" tabindex=\"0\" aria-controls=\"e-n-tab-content-581677191\" style=\"--n-tabs-title-order: 1;\">\n\t\t\t\t\t\t<span class=\"e-n-tab-title-text\">\n\t\t\t\t2019\t\t\t<\/span>\n\t\t<\/button>\n\t\t\t\t<button id=\"e-n-tab-title-581677192\" class=\"e-n-tab-title\" aria-selected=\"false\" data-tab-index=\"2\" role=\"tab\" tabindex=\"-1\" aria-controls=\"e-n-tab-content-581677192\" style=\"--n-tabs-title-order: 2;\">\n\t\t\t\t\t\t<span class=\"e-n-tab-title-text\">\n\t\t\t\t2020\t\t\t<\/span>\n\t\t<\/button>\n\t\t\t\t<button id=\"e-n-tab-title-581677193\" class=\"e-n-tab-title\" aria-selected=\"false\" data-tab-index=\"3\" role=\"tab\" tabindex=\"-1\" aria-controls=\"e-n-tab-content-581677193\" style=\"--n-tabs-title-order: 3;\">\n\t\t\t\t\t\t<span class=\"e-n-tab-title-text\">\n\t\t\t\t2021\t\t\t<\/span>\n\t\t<\/button>\n\t\t\t\t<button id=\"e-n-tab-title-581677194\" class=\"e-n-tab-title\" aria-selected=\"false\" data-tab-index=\"4\" role=\"tab\" tabindex=\"-1\" aria-controls=\"e-n-tab-content-581677194\" style=\"--n-tabs-title-order: 4;\">\n\t\t\t\t\t\t<span class=\"e-n-tab-title-text\">\n\t\t\t\t2022\t\t\t<\/span>\n\t\t<\/button>\n\t\t\t\t\t<\/div>\n\t\t\t<div class=\"e-n-tabs-content\">\n\t\t\t\t<div id=\"e-n-tab-content-581677191\" role=\"tabpanel\" aria-labelledby=\"e-n-tab-title-581677191\" data-tab-index=\"1\" style=\"--n-tabs-title-order: 1;\" class=\"e-active elementor-element elementor-element-941c337 e-con-full e-flex e-con e-child\" data-id=\"941c337\" data-element_type=\"container\" data-settings=\"{&quot;background_background&quot;:&quot;classic&quot;}\">\n\t\t<div class=\"elementor-element elementor-element-9f6cda5 e-con-full e-flex e-con e-child\" data-id=\"9f6cda5\" data-element_type=\"container\">\n\t\t\t\t<div class=\"elementor-element elementor-element-cd17478 elementor-widget elementor-widget-heading\" data-id=\"cd17478\" data-element_type=\"widget\" data-widget_type=\"heading.default\">\n\t\t\t\t<div class=\"elementor-widget-container\">\n\t\t\t\t\t<h2 class=\"elementor-heading-title elementor-size-default\">Informe a\u00f1o 2019<\/h2>\t\t\t\t<\/div>\n\t\t\t\t<\/div>\n\t\t\t\t<\/div>\n\t\t<div class=\"elementor-element elementor-element-41fa4c2 e-con-full e-flex e-con e-child\" data-id=\"41fa4c2\" data-element_type=\"container\">\n\t\t\t\t<div class=\"elementor-element elementor-element-ecb1e4c elementor-widget elementor-widget-image\" data-id=\"ecb1e4c\" data-element_type=\"widget\" data-widget_type=\"image.default\">\n\t\t\t\t<div class=\"elementor-widget-container\">\n\t\t\t\t\t\t\t\t\t\t\t\t\t\t\t\t<a href=\"http:\/\/asoprep.com.ec\/wp-content\/uploads\/2024\/11\/Informe_auditoria_externa_2019.pdf\" target=\"_blank\">\n\t\t\t\t\t\t\t<img decoding=\"async\" src=\"https:\/\/asoprep.com.ec\/wp-content\/uploads\/elementor\/thumbs\/pdf-qxexx8clam3b7m7h2pib400gflv5v4g6lpq3ifzgfc.png\" title=\"pdf\" alt=\"pdf\" loading=\"lazy\" \/>\t\t\t\t\t\t\t\t<\/a>\n\t\t\t\t\t\t\t\t\t\t\t\t\t\t\t<\/div>\n\t\t\t\t<\/div>\n\t\t\t\t<\/div>\n\t\t\t\t<\/div>\n\t\t<div id=\"e-n-tab-content-581677192\" role=\"tabpanel\" aria-labelledby=\"e-n-tab-title-581677192\" data-tab-index=\"2\" style=\"--n-tabs-title-order: 2;\" class=\" elementor-element elementor-element-0a434d4 e-con-full e-flex e-con e-child\" data-id=\"0a434d4\" data-element_type=\"container\" data-settings=\"{&quot;background_background&quot;:&quot;classic&quot;}\">\n\t\t<div class=\"elementor-element elementor-element-ff60143 e-con-full e-flex e-con e-child\" data-id=\"ff60143\" data-element_type=\"container\">\n\t\t\t\t<div class=\"elementor-element elementor-element-c889687 elementor-widget elementor-widget-heading\" data-id=\"c889687\" data-element_type=\"widget\" data-widget_type=\"heading.default\">\n\t\t\t\t<div class=\"elementor-widget-container\">\n\t\t\t\t\t<h2 class=\"elementor-heading-title elementor-size-default\">Informe a\u00f1o 2020<\/h2>\t\t\t\t<\/div>\n\t\t\t\t<\/div>\n\t\t\t\t<\/div>\n\t\t<div class=\"elementor-element elementor-element-1c126c5 e-con-full e-flex e-con e-child\" data-id=\"1c126c5\" data-element_type=\"container\">\n\t\t\t\t<div class=\"elementor-element elementor-element-d8563a1 elementor-widget elementor-widget-image\" data-id=\"d8563a1\" data-element_type=\"widget\" data-widget_type=\"image.default\">\n\t\t\t\t<div class=\"elementor-widget-container\">\n\t\t\t\t\t\t\t\t\t\t\t\t\t\t\t\t<a href=\"http:\/\/asoprep.com.ec\/wp-content\/uploads\/2024\/11\/Informe_auditoria_externa_2020.pdf\" target=\"_blank\">\n\t\t\t\t\t\t\t<img decoding=\"async\" src=\"https:\/\/asoprep.com.ec\/wp-content\/uploads\/elementor\/thumbs\/pdf-qxexx8clam3b7m7h2pib400gflv5v4g6lpq3ifzgfc.png\" title=\"pdf\" alt=\"pdf\" loading=\"lazy\" \/>\t\t\t\t\t\t\t\t<\/a>\n\t\t\t\t\t\t\t\t\t\t\t\t\t\t\t<\/div>\n\t\t\t\t<\/div>\n\t\t\t\t<\/div>\n\t\t\t\t<\/div>\n\t\t<div id=\"e-n-tab-content-581677193\" role=\"tabpanel\" aria-labelledby=\"e-n-tab-title-581677193\" data-tab-index=\"3\" style=\"--n-tabs-title-order: 3;\" class=\" elementor-element elementor-element-0d3ce4c e-con-full e-flex e-con e-child\" data-id=\"0d3ce4c\" data-element_type=\"container\" data-settings=\"{&quot;background_background&quot;:&quot;classic&quot;}\">\n\t\t<div class=\"elementor-element elementor-element-a1a7002 e-con-full e-flex e-con e-child\" data-id=\"a1a7002\" data-element_type=\"container\">\n\t\t\t\t<div class=\"elementor-element elementor-element-cf9708c elementor-widget elementor-widget-heading\" data-id=\"cf9708c\" data-element_type=\"widget\" data-widget_type=\"heading.default\">\n\t\t\t\t<div class=\"elementor-widget-container\">\n\t\t\t\t\t<h2 class=\"elementor-heading-title elementor-size-default\">Informe a\u00f1o 2021<\/h2>\t\t\t\t<\/div>\n\t\t\t\t<\/div>\n\t\t\t\t<\/div>\n\t\t<div class=\"elementor-element elementor-element-e3ec711 e-con-full e-flex e-con e-child\" data-id=\"e3ec711\" data-element_type=\"container\">\n\t\t\t\t<div class=\"elementor-element elementor-element-8007e35 elementor-widget elementor-widget-image\" data-id=\"8007e35\" data-element_type=\"widget\" data-widget_type=\"image.default\">\n\t\t\t\t<div class=\"elementor-widget-container\">\n\t\t\t\t\t\t\t\t\t\t\t\t\t\t\t\t<a href=\"http:\/\/asoprep.com.ec\/wp-content\/uploads\/2024\/11\/Informe_auditoria_externa_2021.pdf\" target=\"_blank\">\n\t\t\t\t\t\t\t<img decoding=\"async\" src=\"https:\/\/asoprep.com.ec\/wp-content\/uploads\/elementor\/thumbs\/pdf-qxexx8clam3b7m7h2pib400gflv5v4g6lpq3ifzgfc.png\" title=\"pdf\" alt=\"pdf\" loading=\"lazy\" \/>\t\t\t\t\t\t\t\t<\/a>\n\t\t\t\t\t\t\t\t\t\t\t\t\t\t\t<\/div>\n\t\t\t\t<\/div>\n\t\t\t\t<\/div>\n\t\t\t\t<\/div>\n\t\t<div id=\"e-n-tab-content-581677194\" role=\"tabpanel\" aria-labelledby=\"e-n-tab-title-581677194\" data-tab-index=\"4\" style=\"--n-tabs-title-order: 4;\" class=\" elementor-element elementor-element-6305f80 e-con-full e-flex e-con e-child\" data-id=\"6305f80\" data-element_type=\"container\" data-settings=\"{&quot;background_background&quot;:&quot;classic&quot;}\">\n\t\t<div class=\"elementor-element elementor-element-92edf2e e-con-full e-flex e-con e-child\" data-id=\"92edf2e\" data-element_type=\"container\">\n\t\t\t\t<div class=\"elementor-element elementor-element-4c88c37 elementor-widget elementor-widget-heading\" data-id=\"4c88c37\" data-element_type=\"widget\" data-widget_type=\"heading.default\">\n\t\t\t\t<div class=\"elementor-widget-container\">\n\t\t\t\t\t<h2 class=\"elementor-heading-title elementor-size-default\">Informe a\u00f1o 2022<\/h2>\t\t\t\t<\/div>\n\t\t\t\t<\/div>\n\t\t\t\t<\/div>\n\t\t<div class=\"elementor-element elementor-element-1240019 e-con-full e-flex e-con e-child\" data-id=\"1240019\" data-element_type=\"container\">\n\t\t\t\t<div class=\"elementor-element elementor-element-ff95e34 elementor-widget elementor-widget-image\" data-id=\"ff95e34\" data-element_type=\"widget\" data-widget_type=\"image.default\">\n\t\t\t\t<div class=\"elementor-widget-container\">\n\t\t\t\t\t\t\t\t\t\t\t\t\t\t\t\t<a href=\"http:\/\/asoprep.com.ec\/wp-content\/uploads\/2024\/11\/Informe_auditoria_externa_2022.pdf\" target=\"_blank\">\n\t\t\t\t\t\t\t<img decoding=\"async\" src=\"https:\/\/asoprep.com.ec\/wp-content\/uploads\/elementor\/thumbs\/pdf-qxexx8clam3b7m7h2pib400gflv5v4g6lpq3ifzgfc.png\" title=\"pdf\" alt=\"pdf\" loading=\"lazy\" \/>\t\t\t\t\t\t\t\t<\/a>\n\t\t\t\t\t\t\t\t\t\t\t\t\t\t\t<\/div>\n\t\t\t\t<\/div>\n\t\t\t\t<\/div>\n\t\t\t\t<\/div>\n\t\t\t\t\t<\/div>\n\t\t<\/div>\n\t\t\t\t\t\t<\/div>\n\t\t\t\t<\/div>\n\t\t\t\t<\/div>\n\t\t<div class=\"elementor-element elementor-element-b5ea453 e-flex e-con-boxed e-con e-parent\" data-id=\"b5ea453\" data-element_type=\"container\">\n\t\t\t\t\t<div class=\"e-con-inner\">\n\t\t\t\t<div class=\"elementor-element elementor-element-0fb2b8d elementor-widget elementor-widget-spacer\" data-id=\"0fb2b8d\" data-element_type=\"widget\" data-widget_type=\"spacer.default\">\n\t\t\t\t<div class=\"elementor-widget-container\">\n\t\t\t\t\t\t\t<div class=\"elementor-spacer\">\n\t\t\t<div class=\"elementor-spacer-inner\"><\/div>\n\t\t<\/div>\n\t\t\t\t\t\t<\/div>\n\t\t\t\t<\/div>\n\t\t\t\t\t<\/div>\n\t\t\t\t<\/div>\n\t\t\t\t<\/div>\n\t\t","protected":false},"excerpt":{"rendered":"<p>Auditor\u00eda Externa 2019 2020 2021 2022 Informe a\u00f1o 2019 Informe a\u00f1o 2020 Informe a\u00f1o 2021 Informe a\u00f1o 2022 Informe a\u00f1o 2019 Informe a\u00f1o 2020 Informe a\u00f1o 2021 Informe a\u00f1o 2022<\/p>\n","protected":false},"author":7,"featured_media":0,"parent":0,"menu_order":0,"comment_status":"closed","ping_status":"closed","template":"","meta":{"footnotes":""},"class_list":["post-467","page","type-page","status-publish","hentry"],"_links":{"self":[{"href":"https:\/\/asoprep.com.ec\/index.php?rest_route=\/wp\/v2\/pages\/467","targetHints":{"allow":["GET"]}}],"collection":[{"href":"https:\/\/asoprep.com.ec\/index.php?rest_route=\/wp\/v2\/pages"}],"about":[{"href":"https:\/\/asoprep.com.ec\/index.php?rest_route=\/wp\/v2\/types\/page"}],"author":[{"embeddable":true,"href":"https:\/\/asoprep.com.ec\/index.php?rest_route=\/wp\/v2\/users\/7"}],"replies":[{"embeddable":true,"href":"https:\/\/asoprep.com.ec\/index.php?rest_route=%2Fwp%2Fv2%2Fcomments&post=467"}],"version-history":[{"count":5,"href":"https:\/\/asoprep.com.ec\/index.php?rest_route=\/wp\/v2\/pages\/467\/revisions"}],"predecessor-version":[{"id":503,"href":"https:\/\/asoprep.com.ec\/index.php?rest_route=\/wp\/v2\/pages\/467\/revisions\/503"}],"wp:attachment":[{"href":"https:\/\/asoprep.com.ec\/index.php?rest_route=%2Fwp%2Fv2%2Fmedia&parent=467"}],"curies":[{"name":"wp","href":"https:\/\/api.w.org\/{rel}","templated":true}]}}