{"id":407,"date":"2024-11-21T21:35:20","date_gmt":"2024-11-21T20:35:20","guid":{"rendered":"http:\/\/asoprep.com.ec\/?page_id=407"},"modified":"2024-11-21T21:59:02","modified_gmt":"2024-11-21T20:59:02","slug":"prestamos-emergentes","status":"publish","type":"page","link":"https:\/\/asoprep.com.ec\/?page_id=407","title":{"rendered":"Pr\u00e9stamos Emergentes"},"content":{"rendered":"\t\t<div data-elementor-type=\"wp-page\" data-elementor-id=\"407\" class=\"elementor elementor-407\" data-elementor-post-type=\"page\">\n\t\t\t\t<div class=\"elementor-element elementor-element-c2df0af e-flex e-con-boxed e-con e-parent\" data-id=\"c2df0af\" data-element_type=\"container\">\n\t\t\t\t\t<div class=\"e-con-inner\">\n\t\t\t\t<div class=\"elementor-element elementor-element-8a8ef94 elementor--h-position-center elementor--v-position-middle elementor-arrows-position-inside elementor-pagination-position-inside elementor-widget elementor-widget-slides\" data-id=\"8a8ef94\" data-element_type=\"widget\" data-settings=\"{&quot;navigation&quot;:&quot;both&quot;,&quot;autoplay&quot;:&quot;yes&quot;,&quot;pause_on_hover&quot;:&quot;yes&quot;,&quot;pause_on_interaction&quot;:&quot;yes&quot;,&quot;autoplay_speed&quot;:5000,&quot;infinite&quot;:&quot;yes&quot;,&quot;transition&quot;:&quot;slide&quot;,&quot;transition_speed&quot;:500}\" data-widget_type=\"slides.default\">\n\t\t\t\t<div class=\"elementor-widget-container\">\n\t\t\t\t\t\t\t\t\t<div class=\"elementor-swiper\">\n\t\t\t\t\t<div class=\"elementor-slides-wrapper elementor-main-swiper swiper\" role=\"region\" aria-roledescription=\"carousel\" aria-label=\"Slides\" dir=\"ltr\" data-animation=\"fadeInUp\">\n\t\t\t\t<div class=\"swiper-wrapper elementor-slides\">\n\t\t\t\t\t\t\t\t\t\t<div class=\"elementor-repeater-item-b726100 swiper-slide\" role=\"group\" aria-roledescription=\"slide\"><div class=\"swiper-slide-bg elementor-ken-burns elementor-ken-burns--in\" role=\"img\"><\/div><div class=\"elementor-background-overlay\"><\/div><div class=\"swiper-slide-inner\" ><div class=\"swiper-slide-contents\"><div class=\"elementor-slide-heading\">Pr\u00e9stamos Emergentes<\/div><\/div><\/div><\/div>\t\t\t\t<\/div>\n\t\t\t\t\t\t\t<\/div>\n\t\t\t\t<\/div>\n\t\t\t\t\t\t\t\t<\/div>\n\t\t\t\t<\/div>\n\t\t\t\t\t<\/div>\n\t\t\t\t<\/div>\n\t\t<div class=\"elementor-element elementor-element-5074cf7 e-flex e-con-boxed e-con e-parent\" data-id=\"5074cf7\" data-element_type=\"container\">\n\t\t\t\t\t<div class=\"e-con-inner\">\n\t\t\t\t<div class=\"elementor-element elementor-element-e084e5a elementor-widget elementor-widget-spacer\" data-id=\"e084e5a\" data-element_type=\"widget\" data-widget_type=\"spacer.default\">\n\t\t\t\t<div class=\"elementor-widget-container\">\n\t\t\t\t\t\t\t<div class=\"elementor-spacer\">\n\t\t\t<div class=\"elementor-spacer-inner\"><\/div>\n\t\t<\/div>\n\t\t\t\t\t\t<\/div>\n\t\t\t\t<\/div>\n\t\t\t\t\t<\/div>\n\t\t\t\t<\/div>\n\t\t<div class=\"elementor-element elementor-element-ac26fd4 e-flex e-con-boxed e-con e-parent\" data-id=\"ac26fd4\" data-element_type=\"container\" data-settings=\"{&quot;background_background&quot;:&quot;classic&quot;}\">\n\t\t\t\t\t<div class=\"e-con-inner\">\n\t\t\t\t<div class=\"elementor-element elementor-element-979877a elementor-widget elementor-widget-text-editor\" data-id=\"979877a\" data-element_type=\"widget\" data-widget_type=\"text-editor.default\">\n\t\t\t\t<div class=\"elementor-widget-container\">\n\t\t\t\t\t\t\t\t\t<p>Podr\u00e1n acceder a \u00e9ste pr\u00e9stamo todos los part\u00edcipes y jubilados.<\/p><p>El monto a prestar no podr\u00e1 superar el monto registrado en la cuenta individual del part\u00edcipe o jubilado.<\/p><p>El plazo m\u00e1ximo de pago es de hasta 84 meses (7 a\u00f1os), siempre y cuando no supere los 75 a\u00f1os de edad inclusive el plazo del cr\u00e9dito.<\/p><p>La tasa de inter\u00e9s es del 9% nominal.<\/p><p>El pr\u00e9stamo se concede bajo el Sistema de Amortizaci\u00f3n Gradual a Dividendo Constante m\u00e1s el valor del seguro de desgravamen, a trav\u00e9s de roles de pago de la respectiva Empresa P\u00fablica del Sector Hidrocarbur\u00edfero, para el part\u00edcipe activo, y en calidad de jubilado descuento de su pensi\u00f3n complementaria vigente.<\/p>\t\t\t\t\t\t\t\t<\/div>\n\t\t\t\t<\/div>\n\t\t\t\t\t<\/div>\n\t\t\t\t<\/div>\n\t\t<div class=\"elementor-element elementor-element-92441da e-flex e-con-boxed e-con e-parent\" data-id=\"92441da\" data-element_type=\"container\">\n\t\t\t\t\t<div class=\"e-con-inner\">\n\t\t\t\t<div class=\"elementor-element elementor-element-849dcb2 elementor-widget elementor-widget-spacer\" data-id=\"849dcb2\" data-element_type=\"widget\" data-widget_type=\"spacer.default\">\n\t\t\t\t<div class=\"elementor-widget-container\">\n\t\t\t\t\t\t\t<div class=\"elementor-spacer\">\n\t\t\t<div class=\"elementor-spacer-inner\"><\/div>\n\t\t<\/div>\n\t\t\t\t\t\t<\/div>\n\t\t\t\t<\/div>\n\t\t\t\t\t<\/div>\n\t\t\t\t<\/div>\n\t\t<div class=\"elementor-element elementor-element-5f90829 e-con-full e-flex e-con e-parent\" data-id=\"5f90829\" data-element_type=\"container\">\n\t\t<div class=\"elementor-element elementor-element-c1d82e1 e-con-full e-flex e-con e-child\" data-id=\"c1d82e1\" data-element_type=\"container\">\n\t\t\t\t<div class=\"elementor-element elementor-element-2705c97 elementor-widget elementor-widget-heading\" data-id=\"2705c97\" data-element_type=\"widget\" data-widget_type=\"heading.default\">\n\t\t\t\t<div class=\"elementor-widget-container\">\n\t\t\t\t\t<h2 class=\"elementor-heading-title elementor-size-default\">Requisitos Part\u00edcipes<\/h2>\t\t\t\t<\/div>\n\t\t\t\t<\/div>\n\t\t\t\t<div class=\"elementor-element elementor-element-0f3ecdd elementor-widget-divider--view-line_icon elementor-view-default elementor-widget-divider--element-align-center elementor-widget elementor-widget-divider\" data-id=\"0f3ecdd\" data-element_type=\"widget\" data-widget_type=\"divider.default\">\n\t\t\t\t<div class=\"elementor-widget-container\">\n\t\t\t\t\t\t\t<div class=\"elementor-divider\">\n\t\t\t<span class=\"elementor-divider-separator\">\n\t\t\t\t\t\t\t<div class=\"elementor-icon elementor-divider__element\">\n\t\t\t\t\t<svg aria-hidden=\"true\" class=\"e-font-icon-svg e-fas-pallet\" viewBox=\"0 0 640 512\" xmlns=\"http:\/\/www.w3.org\/2000\/svg\"><path d=\"M144 256h352c8.8 0 16-7.2 16-16V16c0-8.8-7.2-16-16-16H384v128l-64-32-64 32V0H144c-8.8 0-16 7.2-16 16v224c0 8.8 7.2 16 16 16zm480 128c8.8 0 16-7.2 16-16v-32c0-8.8-7.2-16-16-16H16c-8.8 0-16 7.2-16 16v32c0 8.8 7.2 16 16 16h48v64H16c-8.8 0-16 7.2-16 16v32c0 8.8 7.2 16 16 16h608c8.8 0 16-7.2 16-16v-32c0-8.8-7.2-16-16-16h-48v-64h48zm-336 64H128v-64h160v64zm224 0H352v-64h160v64z\"><\/path><\/svg><\/div>\n\t\t\t\t\t\t<\/span>\n\t\t<\/div>\n\t\t\t\t\t\t<\/div>\n\t\t\t\t<\/div>\n\t\t\t\t<div class=\"elementor-element elementor-element-d03b55f elementor-widget elementor-widget-text-editor\" data-id=\"d03b55f\" data-element_type=\"widget\" data-widget_type=\"text-editor.default\">\n\t\t\t\t<div class=\"elementor-widget-container\">\n\t\t\t\t\t\t\t\t\t<p>\u2022 M\u00ednimo 12 meses de estabilidad laboral (Nombramiento).<\/p><p>\u2022 3 imposiciones consecutivas.<\/p><p>\u2022 Estar al d\u00eda en sus aportaciones y obligaciones.<\/p><p>\u2022 No tener solicitud de desafiliaci\u00f3n en tr\u00e1mite.<\/p><p>\u2022 Tener capacidad de pago:<br \/><strong>Afiliado Activo:<\/strong> No exceda el 70% del Ingreso Mensual<br \/><strong>Jubilado:<\/strong> Hasta el 80% de su pensi\u00f3n complementaria vigente. veh\u00edculo.<\/p>\t\t\t\t\t\t\t\t<\/div>\n\t\t\t\t<\/div>\n\t\t\t\t<\/div>\n\t\t<div class=\"elementor-element elementor-element-a4aee4f e-con-full e-flex e-con e-child\" data-id=\"a4aee4f\" data-element_type=\"container\">\n\t\t\t\t<div class=\"elementor-element elementor-element-081718f elementor-widget elementor-widget-heading\" data-id=\"081718f\" data-element_type=\"widget\" data-widget_type=\"heading.default\">\n\t\t\t\t<div class=\"elementor-widget-container\">\n\t\t\t\t\t<h2 class=\"elementor-heading-title elementor-size-default\">Documentos Habilitantes:<\/h2>\t\t\t\t<\/div>\n\t\t\t\t<\/div>\n\t\t\t\t<div class=\"elementor-element elementor-element-64f99d9 elementor-widget-divider--view-line_icon elementor-view-default elementor-widget-divider--element-align-center elementor-widget elementor-widget-divider\" data-id=\"64f99d9\" data-element_type=\"widget\" data-widget_type=\"divider.default\">\n\t\t\t\t<div class=\"elementor-widget-container\">\n\t\t\t\t\t\t\t<div class=\"elementor-divider\">\n\t\t\t<span class=\"elementor-divider-separator\">\n\t\t\t\t\t\t\t<div class=\"elementor-icon elementor-divider__element\">\n\t\t\t\t\t<svg aria-hidden=\"true\" class=\"e-font-icon-svg e-fas-pallet\" viewBox=\"0 0 640 512\" xmlns=\"http:\/\/www.w3.org\/2000\/svg\"><path d=\"M144 256h352c8.8 0 16-7.2 16-16V16c0-8.8-7.2-16-16-16H384v128l-64-32-64 32V0H144c-8.8 0-16 7.2-16 16v224c0 8.8 7.2 16 16 16zm480 128c8.8 0 16-7.2 16-16v-32c0-8.8-7.2-16-16-16H16c-8.8 0-16 7.2-16 16v32c0 8.8 7.2 16 16 16h48v64H16c-8.8 0-16 7.2-16 16v32c0 8.8 7.2 16 16 16h608c8.8 0 16-7.2 16-16v-32c0-8.8-7.2-16-16-16h-48v-64h48zm-336 64H128v-64h160v64zm224 0H352v-64h160v64z\"><\/path><\/svg><\/div>\n\t\t\t\t\t\t<\/span>\n\t\t<\/div>\n\t\t\t\t\t\t<\/div>\n\t\t\t\t<\/div>\n\t\t\t\t<div class=\"elementor-element elementor-element-e49d651 elementor-widget elementor-widget-text-editor\" data-id=\"e49d651\" data-element_type=\"widget\" data-widget_type=\"text-editor.default\">\n\t\t\t\t<div class=\"elementor-widget-container\">\n\t\t\t\t\t\t\t\t\t<p>\u2022 Solicitud de Pr\u00e9stamo Emergente.<\/p><p>\u2022 Copia a color c\u00e9dula (Deudor).<\/p><p>\u2022 Copia del \u00faltimo pago de agua, luz o tel\u00e9fono (Deudor).<\/p><p>\u2022 Copia del \u00faltimo rol de pagos, firmado y sellado por RR.HH.<\/p><p>\u2022 Certificado de trabajo actualizado, remitido por RR.HH. de la Empresa para la cual trabaja.<\/p><p>\u2022 Certificado de cancelaci\u00f3n de pr\u00e9stamos o descuentos en otras instituciones del sistema (si los tuviere).<\/p>\t\t\t\t\t\t\t\t<\/div>\n\t\t\t\t<\/div>\n\t\t\t\t<\/div>\n\t\t\t\t<\/div>\n\t\t<div class=\"elementor-element elementor-element-7d98a50 e-flex e-con-boxed e-con e-parent\" data-id=\"7d98a50\" data-element_type=\"container\" data-settings=\"{&quot;background_background&quot;:&quot;classic&quot;}\">\n\t\t\t\t\t<div class=\"e-con-inner\">\n\t\t\t\t<div class=\"elementor-element elementor-element-aefd546 elementor-widget elementor-widget-text-editor\" data-id=\"aefd546\" data-element_type=\"widget\" data-widget_type=\"text-editor.default\">\n\t\t\t\t<div class=\"elementor-widget-container\">\n\t\t\t\t\t\t\t\t\t<p>Para mayor informaci\u00f3n comunicarse a los siguientes n\u00fameros telef\u00f3nicos: 2246-153, 2255-112, 2255-113, 2255-122 y 2440-748, Ext. 102-103-104 y\/o a los e-mails <strong>credito@asoprep.com.ec, asistentecredito@asoprep.com.ec, asistenteprestaciones@asoprep.com.ec<\/strong><\/p>\t\t\t\t\t\t\t\t<\/div>\n\t\t\t\t<\/div>\n\t\t\t\t\t<\/div>\n\t\t\t\t<\/div>\n\t\t\t\t<\/div>\n\t\t","protected":false},"excerpt":{"rendered":"<p>Pr\u00e9stamos Emergentes Podr\u00e1n acceder a \u00e9ste pr\u00e9stamo todos los part\u00edcipes y jubilados. El monto a prestar no podr\u00e1 superar el monto registrado en la cuenta individual del part\u00edcipe o jubilado. El plazo m\u00e1ximo de pago es de hasta 84 meses (7 a\u00f1os), siempre y cuando no supere los 75 a\u00f1os de edad inclusive el plazo [&hellip;]<\/p>\n","protected":false},"author":7,"featured_media":0,"parent":0,"menu_order":0,"comment_status":"closed","ping_status":"closed","template":"","meta":{"footnotes":""},"class_list":["post-407","page","type-page","status-publish","hentry"],"_links":{"self":[{"href":"https:\/\/asoprep.com.ec\/index.php?rest_route=\/wp\/v2\/pages\/407","targetHints":{"allow":["GET"]}}],"collection":[{"href":"https:\/\/asoprep.com.ec\/index.php?rest_route=\/wp\/v2\/pages"}],"about":[{"href":"https:\/\/asoprep.com.ec\/index.php?rest_route=\/wp\/v2\/types\/page"}],"author":[{"embeddable":true,"href":"https:\/\/asoprep.com.ec\/index.php?rest_route=\/wp\/v2\/users\/7"}],"replies":[{"embeddable":true,"href":"https:\/\/asoprep.com.ec\/index.php?rest_route=%2Fwp%2Fv2%2Fcomments&post=407"}],"version-history":[{"count":5,"href":"https:\/\/asoprep.com.ec\/index.php?rest_route=\/wp\/v2\/pages\/407\/revisions"}],"predecessor-version":[{"id":419,"href":"https:\/\/asoprep.com.ec\/index.php?rest_route=\/wp\/v2\/pages\/407\/revisions\/419"}],"wp:attachment":[{"href":"https:\/\/asoprep.com.ec\/index.php?rest_route=%2Fwp%2Fv2%2Fmedia&parent=407"}],"curies":[{"name":"wp","href":"https:\/\/api.w.org\/{rel}","templated":true}]}}