{"id":384,"date":"2024-11-21T21:22:32","date_gmt":"2024-11-21T20:22:32","guid":{"rendered":"http:\/\/asoprep.com.ec\/?page_id=384"},"modified":"2024-11-21T21:29:50","modified_gmt":"2024-11-21T20:29:50","slug":"prestamos-hipotecarios","status":"publish","type":"page","link":"https:\/\/asoprep.com.ec\/?page_id=384","title":{"rendered":"Prestamos Hipotecarios"},"content":{"rendered":"\t\t<div data-elementor-type=\"wp-page\" data-elementor-id=\"384\" class=\"elementor elementor-384\" data-elementor-post-type=\"page\">\n\t\t\t\t<div class=\"elementor-element elementor-element-89b9d78 e-flex e-con-boxed e-con e-parent\" data-id=\"89b9d78\" data-element_type=\"container\">\n\t\t\t\t\t<div class=\"e-con-inner\">\n\t\t\t\t<div class=\"elementor-element elementor-element-1549169 elementor--h-position-center elementor--v-position-middle elementor-arrows-position-inside elementor-pagination-position-inside elementor-widget elementor-widget-slides\" data-id=\"1549169\" data-element_type=\"widget\" data-settings=\"{&quot;navigation&quot;:&quot;both&quot;,&quot;autoplay&quot;:&quot;yes&quot;,&quot;pause_on_hover&quot;:&quot;yes&quot;,&quot;pause_on_interaction&quot;:&quot;yes&quot;,&quot;autoplay_speed&quot;:5000,&quot;infinite&quot;:&quot;yes&quot;,&quot;transition&quot;:&quot;slide&quot;,&quot;transition_speed&quot;:500}\" data-widget_type=\"slides.default\">\n\t\t\t\t<div class=\"elementor-widget-container\">\n\t\t\t\t\t\t\t\t\t<div class=\"elementor-swiper\">\n\t\t\t\t\t<div class=\"elementor-slides-wrapper elementor-main-swiper swiper\" role=\"region\" aria-roledescription=\"carousel\" aria-label=\"Slides\" dir=\"ltr\" data-animation=\"fadeInUp\">\n\t\t\t\t<div class=\"swiper-wrapper elementor-slides\">\n\t\t\t\t\t\t\t\t\t\t<div class=\"elementor-repeater-item-b726100 swiper-slide\" role=\"group\" aria-roledescription=\"slide\"><div class=\"swiper-slide-bg elementor-ken-burns elementor-ken-burns--in\" role=\"img\"><\/div><div class=\"elementor-background-overlay\"><\/div><div class=\"swiper-slide-inner\" ><div class=\"swiper-slide-contents\"><div class=\"elementor-slide-heading\">Pr\u00e9stamos Hipotecarios<\/div><\/div><\/div><\/div>\t\t\t\t<\/div>\n\t\t\t\t\t\t\t<\/div>\n\t\t\t\t<\/div>\n\t\t\t\t\t\t\t\t<\/div>\n\t\t\t\t<\/div>\n\t\t\t\t\t<\/div>\n\t\t\t\t<\/div>\n\t\t<div class=\"elementor-element elementor-element-91dd118 e-flex e-con-boxed e-con e-parent\" data-id=\"91dd118\" data-element_type=\"container\">\n\t\t\t\t\t<div class=\"e-con-inner\">\n\t\t\t\t<div class=\"elementor-element elementor-element-35b435c elementor-widget elementor-widget-spacer\" data-id=\"35b435c\" data-element_type=\"widget\" data-widget_type=\"spacer.default\">\n\t\t\t\t<div class=\"elementor-widget-container\">\n\t\t\t\t\t\t\t<div class=\"elementor-spacer\">\n\t\t\t<div class=\"elementor-spacer-inner\"><\/div>\n\t\t<\/div>\n\t\t\t\t\t\t<\/div>\n\t\t\t\t<\/div>\n\t\t\t\t\t<\/div>\n\t\t\t\t<\/div>\n\t\t<div class=\"elementor-element elementor-element-173d8ce e-flex e-con-boxed e-con e-parent\" data-id=\"173d8ce\" data-element_type=\"container\" data-settings=\"{&quot;background_background&quot;:&quot;classic&quot;}\">\n\t\t\t\t\t<div class=\"e-con-inner\">\n\t\t\t\t<div class=\"elementor-element elementor-element-c4539f0 elementor-widget elementor-widget-text-editor\" data-id=\"c4539f0\" data-element_type=\"widget\" data-widget_type=\"text-editor.default\">\n\t\t\t\t<div class=\"elementor-widget-container\">\n\t\t\t\t\t\t\t\t\t<p>Podr\u00e1n acceder a \u00e9ste pr\u00e9stamo todos los part\u00edcipes y jubilados.<\/p><p>El monto a prestar no podr\u00e1 superar el monto registrado en la cuenta individual del part\u00edcipe o jubilado.<\/p><p>El plazo m\u00e1ximo de pago es de hasta 84 meses (7 a\u00f1os), siempre y cuando no supere los 75 a\u00f1os de edad inclusive el plazo del cr\u00e9dito.<\/p><p>La tasa de inter\u00e9s es del 9% nominal.<\/p><p>El pr\u00e9stamo se concede bajo el Sistema de Amortizaci\u00f3n Gradual a Dividendo Constante m\u00e1s el valor del seguro de desgravamen, a trav\u00e9s de roles de pago de la respectiva Empresa P\u00fablica del Sector Hidrocarbur\u00edfero, para el part\u00edcipe activo, y en calidad de jubilado descuento de su pensi\u00f3n complementaria vigente.<\/p>\t\t\t\t\t\t\t\t<\/div>\n\t\t\t\t<\/div>\n\t\t\t\t\t<\/div>\n\t\t\t\t<\/div>\n\t\t<div class=\"elementor-element elementor-element-8cc3712 e-flex e-con-boxed e-con e-parent\" data-id=\"8cc3712\" data-element_type=\"container\">\n\t\t\t\t\t<div class=\"e-con-inner\">\n\t\t\t\t<div class=\"elementor-element elementor-element-476aea5 elementor-widget elementor-widget-spacer\" data-id=\"476aea5\" data-element_type=\"widget\" data-widget_type=\"spacer.default\">\n\t\t\t\t<div class=\"elementor-widget-container\">\n\t\t\t\t\t\t\t<div class=\"elementor-spacer\">\n\t\t\t<div class=\"elementor-spacer-inner\"><\/div>\n\t\t<\/div>\n\t\t\t\t\t\t<\/div>\n\t\t\t\t<\/div>\n\t\t\t\t\t<\/div>\n\t\t\t\t<\/div>\n\t\t<div class=\"elementor-element elementor-element-055ede6 e-con-full e-flex e-con e-parent\" data-id=\"055ede6\" data-element_type=\"container\">\n\t\t<div class=\"elementor-element elementor-element-d7987f4 e-con-full e-flex e-con e-child\" data-id=\"d7987f4\" data-element_type=\"container\">\n\t\t\t\t<div class=\"elementor-element elementor-element-fa13ae5 elementor-widget elementor-widget-heading\" data-id=\"fa13ae5\" data-element_type=\"widget\" data-widget_type=\"heading.default\">\n\t\t\t\t<div class=\"elementor-widget-container\">\n\t\t\t\t\t<h2 class=\"elementor-heading-title elementor-size-default\">Requisitos Part\u00edcipes<\/h2>\t\t\t\t<\/div>\n\t\t\t\t<\/div>\n\t\t\t\t<div class=\"elementor-element elementor-element-b802f92 elementor-widget-divider--view-line_icon elementor-view-default elementor-widget-divider--element-align-center elementor-widget elementor-widget-divider\" data-id=\"b802f92\" data-element_type=\"widget\" data-widget_type=\"divider.default\">\n\t\t\t\t<div class=\"elementor-widget-container\">\n\t\t\t\t\t\t\t<div class=\"elementor-divider\">\n\t\t\t<span class=\"elementor-divider-separator\">\n\t\t\t\t\t\t\t<div class=\"elementor-icon elementor-divider__element\">\n\t\t\t\t\t<svg aria-hidden=\"true\" class=\"e-font-icon-svg e-fas-pallet\" viewBox=\"0 0 640 512\" xmlns=\"http:\/\/www.w3.org\/2000\/svg\"><path d=\"M144 256h352c8.8 0 16-7.2 16-16V16c0-8.8-7.2-16-16-16H384v128l-64-32-64 32V0H144c-8.8 0-16 7.2-16 16v224c0 8.8 7.2 16 16 16zm480 128c8.8 0 16-7.2 16-16v-32c0-8.8-7.2-16-16-16H16c-8.8 0-16 7.2-16 16v32c0 8.8 7.2 16 16 16h48v64H16c-8.8 0-16 7.2-16 16v32c0 8.8 7.2 16 16 16h608c8.8 0 16-7.2 16-16v-32c0-8.8-7.2-16-16-16h-48v-64h48zm-336 64H128v-64h160v64zm224 0H352v-64h160v64z\"><\/path><\/svg><\/div>\n\t\t\t\t\t\t<\/span>\n\t\t<\/div>\n\t\t\t\t\t\t<\/div>\n\t\t\t\t<\/div>\n\t\t\t\t<div class=\"elementor-element elementor-element-0c10e69 elementor-widget elementor-widget-text-editor\" data-id=\"0c10e69\" data-element_type=\"widget\" data-widget_type=\"text-editor.default\">\n\t\t\t\t<div class=\"elementor-widget-container\">\n\t\t\t\t\t\t\t\t\t<p>\u2022 M\u00ednimo 12 meses de estabilidad laboral (Nombramiento).<\/p><p>\u2022 6 imposiciones consecutivas<\/p><p>\u2022 Estar al d\u00eda en sus aportaciones y obligaciones.<\/p><p>\u2022 No tener solicitud de desafiliaci\u00f3n en tr\u00e1mite.<\/p><p>\u2022 Tener capacidad de pago:<br \/><strong>Afiliado Activo:<\/strong> No exceda el 70% del Ingreso Mensual<\/p><p><strong>Jubilado:<\/strong> Hasta el 80% de su pensi\u00f3n complementaria vigente<\/p><p>\u2022 La hipoteca abierta y la prohibici\u00f3n de enajenar el inmueble se suscribir\u00e1 como primera y preferente a favor de ASOPREP-FCPC.<\/p>\t\t\t\t\t\t\t\t<\/div>\n\t\t\t\t<\/div>\n\t\t\t\t<\/div>\n\t\t<div class=\"elementor-element elementor-element-a40d182 e-con-full e-flex e-con e-child\" data-id=\"a40d182\" data-element_type=\"container\">\n\t\t\t\t<div class=\"elementor-element elementor-element-b41d223 elementor-widget elementor-widget-heading\" data-id=\"b41d223\" data-element_type=\"widget\" data-widget_type=\"heading.default\">\n\t\t\t\t<div class=\"elementor-widget-container\">\n\t\t\t\t\t<h2 class=\"elementor-heading-title elementor-size-default\">Documentos Habilitantes<\/h2>\t\t\t\t<\/div>\n\t\t\t\t<\/div>\n\t\t\t\t<div class=\"elementor-element elementor-element-164e8c0 elementor-widget-divider--view-line_icon elementor-view-default elementor-widget-divider--element-align-center elementor-widget elementor-widget-divider\" data-id=\"164e8c0\" data-element_type=\"widget\" data-widget_type=\"divider.default\">\n\t\t\t\t<div class=\"elementor-widget-container\">\n\t\t\t\t\t\t\t<div class=\"elementor-divider\">\n\t\t\t<span class=\"elementor-divider-separator\">\n\t\t\t\t\t\t\t<div class=\"elementor-icon elementor-divider__element\">\n\t\t\t\t\t<svg aria-hidden=\"true\" class=\"e-font-icon-svg e-fas-pallet\" viewBox=\"0 0 640 512\" xmlns=\"http:\/\/www.w3.org\/2000\/svg\"><path d=\"M144 256h352c8.8 0 16-7.2 16-16V16c0-8.8-7.2-16-16-16H384v128l-64-32-64 32V0H144c-8.8 0-16 7.2-16 16v224c0 8.8 7.2 16 16 16zm480 128c8.8 0 16-7.2 16-16v-32c0-8.8-7.2-16-16-16H16c-8.8 0-16 7.2-16 16v32c0 8.8 7.2 16 16 16h48v64H16c-8.8 0-16 7.2-16 16v32c0 8.8 7.2 16 16 16h608c8.8 0 16-7.2 16-16v-32c0-8.8-7.2-16-16-16h-48v-64h48zm-336 64H128v-64h160v64zm224 0H352v-64h160v64z\"><\/path><\/svg><\/div>\n\t\t\t\t\t\t<\/span>\n\t\t<\/div>\n\t\t\t\t\t\t<\/div>\n\t\t\t\t<\/div>\n\t\t\t\t<div class=\"elementor-element elementor-element-bdc35e3 elementor-widget elementor-widget-text-editor\" data-id=\"bdc35e3\" data-element_type=\"widget\" data-widget_type=\"text-editor.default\">\n\t\t\t\t<div class=\"elementor-widget-container\">\n\t\t\t\t\t\t\t\t\t<p>\u2022 Aval\u00fao del bien.<\/p><p>\u2022 Si el inmueble est\u00e1 dentro de la ciudad IRM (Informe de regulaci\u00f3n urbana).<\/p><p>\u2022 Si el inmueble est\u00e1 fuera de la ciudad, certificado de l\u00ednea de f\u00e1brica.<\/p><p>\u2022 Certificado del registro de la propiedad incluido grav\u00e1menes.<\/p><p>\u2022 Pago del impuesto predial del \u00faltimo a\u00f1o y del a\u00f1o en curso.<\/p><p>\u2022 Certificado de no adeudar al Municipio (Deudor y C\u00f3nyuge).<\/p><p>\u2022 Copia aut\u00e9ntica de la escritura p\u00fablica con la respectiva raz\u00f3n de inscripci\u00f3n en el registro de la propiedad.<\/p><p>\u2022 Copia del \u00faltimo rol de pagos firmado y sellado por Recursos Humanos.<\/p><p>\u2022 Certificado actualizado de trabajo, firmado y sellado por Recursos Humanos<\/p><p>\u2022 3 Copias a color de c\u00e9dula y papeleta de votaci\u00f3n (Deudor y C\u00f3nyuge).<\/p><p>\u2022 Copia del \u00faltimo pago de servicio b\u00e1sico (Especificaci\u00f3n clara de la direcci\u00f3n).<\/p><p>\u2022 P\u00f3liza de seguros contra incendio y terremoto del bien a hipotecar.<\/p><p>\u2022 Si el cr\u00e9dito es para compra llenar el formulario de transferencia de dominio otorgado por el Municipio d\u00f3nde radica el bien.<\/p>\t\t\t\t\t\t\t\t<\/div>\n\t\t\t\t<\/div>\n\t\t\t\t<\/div>\n\t\t<div class=\"elementor-element elementor-element-6bbe458 e-con-full e-flex e-con e-child\" data-id=\"6bbe458\" data-element_type=\"container\">\n\t\t\t\t<div class=\"elementor-element elementor-element-b36f403 elementor-widget elementor-widget-heading\" data-id=\"b36f403\" data-element_type=\"widget\" data-widget_type=\"heading.default\">\n\t\t\t\t<div class=\"elementor-widget-container\">\n\t\t\t\t\t<h2 class=\"elementor-heading-title elementor-size-default\">Si el bien es de PROPIEDAD HORIZONTAL adicional requiere<\/h2>\t\t\t\t<\/div>\n\t\t\t\t<\/div>\n\t\t\t\t<div class=\"elementor-element elementor-element-f6e68f7 elementor-widget-divider--view-line_icon elementor-view-default elementor-widget-divider--element-align-center elementor-widget elementor-widget-divider\" data-id=\"f6e68f7\" data-element_type=\"widget\" data-widget_type=\"divider.default\">\n\t\t\t\t<div class=\"elementor-widget-container\">\n\t\t\t\t\t\t\t<div class=\"elementor-divider\">\n\t\t\t<span class=\"elementor-divider-separator\">\n\t\t\t\t\t\t\t<div class=\"elementor-icon elementor-divider__element\">\n\t\t\t\t\t<svg aria-hidden=\"true\" class=\"e-font-icon-svg e-fas-pallet\" viewBox=\"0 0 640 512\" xmlns=\"http:\/\/www.w3.org\/2000\/svg\"><path d=\"M144 256h352c8.8 0 16-7.2 16-16V16c0-8.8-7.2-16-16-16H384v128l-64-32-64 32V0H144c-8.8 0-16 7.2-16 16v224c0 8.8 7.2 16 16 16zm480 128c8.8 0 16-7.2 16-16v-32c0-8.8-7.2-16-16-16H16c-8.8 0-16 7.2-16 16v32c0 8.8 7.2 16 16 16h48v64H16c-8.8 0-16 7.2-16 16v32c0 8.8 7.2 16 16 16h608c8.8 0 16-7.2 16-16v-32c0-8.8-7.2-16-16-16h-48v-64h48zm-336 64H128v-64h160v64zm224 0H352v-64h160v64z\"><\/path><\/svg><\/div>\n\t\t\t\t\t\t<\/span>\n\t\t<\/div>\n\t\t\t\t\t\t<\/div>\n\t\t\t\t<\/div>\n\t\t\t\t<div class=\"elementor-element elementor-element-4c34b81 elementor-widget elementor-widget-text-editor\" data-id=\"4c34b81\" data-element_type=\"widget\" data-widget_type=\"text-editor.default\">\n\t\t\t\t<div class=\"elementor-widget-container\">\n\t\t\t\t\t\t\t\t\t<p>\u2022 Copia simple de declaratoria de la propiedad horizontal.<\/p><p>\u2022 Nombramiento del Administrador vigente.<\/p><p>\u2022 Copia a color de la c\u00e9dula del Administrador.<\/p><p>\u2022 Certificado que este al d\u00eda en las alicuotas<\/p>\t\t\t\t\t\t\t\t<\/div>\n\t\t\t\t<\/div>\n\t\t\t\t<\/div>\n\t\t\t\t<\/div>\n\t\t<div class=\"elementor-element elementor-element-376a93b e-flex e-con-boxed e-con e-parent\" data-id=\"376a93b\" data-element_type=\"container\" data-settings=\"{&quot;background_background&quot;:&quot;classic&quot;}\">\n\t\t\t\t\t<div class=\"e-con-inner\">\n\t\t\t\t<div class=\"elementor-element elementor-element-f971818 elementor-widget elementor-widget-text-editor\" data-id=\"f971818\" data-element_type=\"widget\" data-widget_type=\"text-editor.default\">\n\t\t\t\t<div class=\"elementor-widget-container\">\n\t\t\t\t\t\t\t\t\t<p>Para mayor informaci\u00f3n comunicarse a los siguientes n\u00fameros telef\u00f3nicos: 2246-153, 2255-112, 2255-113, 2255-122 y 2440-748, Ext. 102-103-104 y\/o a los e-mails <strong>credito@asoprep.com.ec, asistentecredito@asoprep.com.ec,<\/strong> <strong>asistenteprestaciones@asoprep.com.ec<\/strong><\/p>\t\t\t\t\t\t\t\t<\/div>\n\t\t\t\t<\/div>\n\t\t\t\t\t<\/div>\n\t\t\t\t<\/div>\n\t\t\t\t<\/div>\n\t\t","protected":false},"excerpt":{"rendered":"<p>Pr\u00e9stamos Hipotecarios Podr\u00e1n acceder a \u00e9ste pr\u00e9stamo todos los part\u00edcipes y jubilados. El monto a prestar no podr\u00e1 superar el monto registrado en la cuenta individual del part\u00edcipe o jubilado. El plazo m\u00e1ximo de pago es de hasta 84 meses (7 a\u00f1os), siempre y cuando no supere los 75 a\u00f1os de edad inclusive el plazo [&hellip;]<\/p>\n","protected":false},"author":7,"featured_media":0,"parent":0,"menu_order":0,"comment_status":"closed","ping_status":"closed","template":"","meta":{"footnotes":""},"class_list":["post-384","page","type-page","status-publish","hentry"],"_links":{"self":[{"href":"https:\/\/asoprep.com.ec\/index.php?rest_route=\/wp\/v2\/pages\/384","targetHints":{"allow":["GET"]}}],"collection":[{"href":"https:\/\/asoprep.com.ec\/index.php?rest_route=\/wp\/v2\/pages"}],"about":[{"href":"https:\/\/asoprep.com.ec\/index.php?rest_route=\/wp\/v2\/types\/page"}],"author":[{"embeddable":true,"href":"https:\/\/asoprep.com.ec\/index.php?rest_route=\/wp\/v2\/users\/7"}],"replies":[{"embeddable":true,"href":"https:\/\/asoprep.com.ec\/index.php?rest_route=%2Fwp%2Fv2%2Fcomments&post=384"}],"version-history":[{"count":5,"href":"https:\/\/asoprep.com.ec\/index.php?rest_route=\/wp\/v2\/pages\/384\/revisions"}],"predecessor-version":[{"id":398,"href":"https:\/\/asoprep.com.ec\/index.php?rest_route=\/wp\/v2\/pages\/384\/revisions\/398"}],"wp:attachment":[{"href":"https:\/\/asoprep.com.ec\/index.php?rest_route=%2Fwp%2Fv2%2Fmedia&parent=384"}],"curies":[{"name":"wp","href":"https:\/\/api.w.org\/{rel}","templated":true}]}}