{"id":350,"date":"2024-11-21T20:39:25","date_gmt":"2024-11-21T19:39:25","guid":{"rendered":"http:\/\/asoprep.com.ec\/?page_id=350"},"modified":"2024-11-21T21:12:47","modified_gmt":"2024-11-21T20:12:47","slug":"prestaciones","status":"publish","type":"page","link":"https:\/\/asoprep.com.ec\/?page_id=350","title":{"rendered":"Prestaciones"},"content":{"rendered":"\t\t<div data-elementor-type=\"wp-page\" data-elementor-id=\"350\" class=\"elementor elementor-350\" data-elementor-post-type=\"page\">\n\t\t\t\t<div class=\"elementor-element elementor-element-dc2d997 e-con-full e-flex e-con e-parent\" data-id=\"dc2d997\" data-element_type=\"container\">\n\t\t\t\t<div class=\"elementor-element elementor-element-a3b811a elementor--h-position-center elementor--v-position-middle elementor-arrows-position-inside elementor-pagination-position-inside elementor-widget elementor-widget-slides\" data-id=\"a3b811a\" data-element_type=\"widget\" data-settings=\"{&quot;navigation&quot;:&quot;both&quot;,&quot;autoplay&quot;:&quot;yes&quot;,&quot;pause_on_hover&quot;:&quot;yes&quot;,&quot;pause_on_interaction&quot;:&quot;yes&quot;,&quot;autoplay_speed&quot;:5000,&quot;infinite&quot;:&quot;yes&quot;,&quot;transition&quot;:&quot;slide&quot;,&quot;transition_speed&quot;:500}\" data-widget_type=\"slides.default\">\n\t\t\t\t<div class=\"elementor-widget-container\">\n\t\t\t\t\t\t\t\t\t<div class=\"elementor-swiper\">\n\t\t\t\t\t<div class=\"elementor-slides-wrapper elementor-main-swiper swiper\" role=\"region\" aria-roledescription=\"carousel\" aria-label=\"Slides\" dir=\"ltr\" data-animation=\"fadeInUp\">\n\t\t\t\t<div class=\"swiper-wrapper elementor-slides\">\n\t\t\t\t\t\t\t\t\t\t<div class=\"elementor-repeater-item-b726100 swiper-slide\" role=\"group\" aria-roledescription=\"slide\"><div class=\"swiper-slide-bg elementor-ken-burns elementor-ken-burns--in\" role=\"img\"><\/div><div class=\"elementor-background-overlay\"><\/div><div class=\"swiper-slide-inner\" ><div class=\"swiper-slide-contents\"><div class=\"elementor-slide-heading\">Prestaciones<\/div><\/div><\/div><\/div>\t\t\t\t<\/div>\n\t\t\t\t\t\t\t<\/div>\n\t\t\t\t<\/div>\n\t\t\t\t\t\t\t\t<\/div>\n\t\t\t\t<\/div>\n\t\t\t\t<\/div>\n\t\t<div class=\"elementor-element elementor-element-d800edb e-con-full e-flex e-con e-parent\" data-id=\"d800edb\" data-element_type=\"container\">\n\t\t<div class=\"elementor-element elementor-element-513dd2e e-con-full e-flex e-con e-child\" data-id=\"513dd2e\" data-element_type=\"container\">\n\t\t\t\t<div class=\"elementor-element elementor-element-ad00532 elementor-widget elementor-widget-heading\" data-id=\"ad00532\" data-element_type=\"widget\" data-widget_type=\"heading.default\">\n\t\t\t\t<div class=\"elementor-widget-container\">\n\t\t\t\t\t<h2 class=\"elementor-heading-title elementor-size-default\">Requisitos Afiliaci\u00f3n<\/h2>\t\t\t\t<\/div>\n\t\t\t\t<\/div>\n\t\t\t\t<div class=\"elementor-element elementor-element-ceec72f elementor-widget-divider--view-line_icon elementor-view-default elementor-widget-divider--element-align-center elementor-widget elementor-widget-divider\" data-id=\"ceec72f\" data-element_type=\"widget\" data-widget_type=\"divider.default\">\n\t\t\t\t<div class=\"elementor-widget-container\">\n\t\t\t\t\t\t\t<div class=\"elementor-divider\">\n\t\t\t<span class=\"elementor-divider-separator\">\n\t\t\t\t\t\t\t<div class=\"elementor-icon elementor-divider__element\">\n\t\t\t\t\t<svg aria-hidden=\"true\" class=\"e-font-icon-svg e-fas-pallet\" viewBox=\"0 0 640 512\" xmlns=\"http:\/\/www.w3.org\/2000\/svg\"><path d=\"M144 256h352c8.8 0 16-7.2 16-16V16c0-8.8-7.2-16-16-16H384v128l-64-32-64 32V0H144c-8.8 0-16 7.2-16 16v224c0 8.8 7.2 16 16 16zm480 128c8.8 0 16-7.2 16-16v-32c0-8.8-7.2-16-16-16H16c-8.8 0-16 7.2-16 16v32c0 8.8 7.2 16 16 16h48v64H16c-8.8 0-16 7.2-16 16v32c0 8.8 7.2 16 16 16h608c8.8 0 16-7.2 16-16v-32c0-8.8-7.2-16-16-16h-48v-64h48zm-336 64H128v-64h160v64zm224 0H352v-64h160v64z\"><\/path><\/svg><\/div>\n\t\t\t\t\t\t<\/span>\n\t\t<\/div>\n\t\t\t\t\t\t<\/div>\n\t\t\t\t<\/div>\n\t\t\t\t<div class=\"elementor-element elementor-element-1aab743 elementor-widget elementor-widget-text-editor\" data-id=\"1aab743\" data-element_type=\"widget\" data-widget_type=\"text-editor.default\">\n\t\t\t\t<div class=\"elementor-widget-container\">\n\t\t\t\t\t\t\t\t\t<p>Las personas que prestan servicios bajo relaci\u00f3n de dependencia en EP PETROECUADOR u otras empresas p\u00fablicas del sector hidrocarbur\u00edfero.<\/p><p>Estar afiliado al IESS.<\/p><p>Llenar formulario de afiliaci\u00f3n a ASOPREP-FCPC.<\/p><p>No estar afiliado a otros fondos complementarios cerrados.<\/p>\t\t\t\t\t\t\t\t<\/div>\n\t\t\t\t<\/div>\n\t\t\t\t<\/div>\n\t\t<div class=\"elementor-element elementor-element-f77bacf e-con-full e-flex e-con e-child\" data-id=\"f77bacf\" data-element_type=\"container\">\n\t\t\t\t<div class=\"elementor-element elementor-element-8caf5be elementor-widget elementor-widget-heading\" data-id=\"8caf5be\" data-element_type=\"widget\" data-widget_type=\"heading.default\">\n\t\t\t\t<div class=\"elementor-widget-container\">\n\t\t\t\t\t<h2 class=\"elementor-heading-title elementor-size-default\">Cesant\u00eda<\/h2>\t\t\t\t<\/div>\n\t\t\t\t<\/div>\n\t\t\t\t<div class=\"elementor-element elementor-element-a7fda10 elementor-widget-divider--view-line_icon elementor-view-default elementor-widget-divider--element-align-center elementor-widget elementor-widget-divider\" data-id=\"a7fda10\" data-element_type=\"widget\" data-widget_type=\"divider.default\">\n\t\t\t\t<div class=\"elementor-widget-container\">\n\t\t\t\t\t\t\t<div class=\"elementor-divider\">\n\t\t\t<span class=\"elementor-divider-separator\">\n\t\t\t\t\t\t\t<div class=\"elementor-icon elementor-divider__element\">\n\t\t\t\t\t<svg aria-hidden=\"true\" class=\"e-font-icon-svg e-fas-pallet\" viewBox=\"0 0 640 512\" xmlns=\"http:\/\/www.w3.org\/2000\/svg\"><path d=\"M144 256h352c8.8 0 16-7.2 16-16V16c0-8.8-7.2-16-16-16H384v128l-64-32-64 32V0H144c-8.8 0-16 7.2-16 16v224c0 8.8 7.2 16 16 16zm480 128c8.8 0 16-7.2 16-16v-32c0-8.8-7.2-16-16-16H16c-8.8 0-16 7.2-16 16v32c0 8.8 7.2 16 16 16h48v64H16c-8.8 0-16 7.2-16 16v32c0 8.8 7.2 16 16 16h608c8.8 0 16-7.2 16-16v-32c0-8.8-7.2-16-16-16h-48v-64h48zm-336 64H128v-64h160v64zm224 0H352v-64h160v64z\"><\/path><\/svg><\/div>\n\t\t\t\t\t\t<\/span>\n\t\t<\/div>\n\t\t\t\t\t\t<\/div>\n\t\t\t\t<\/div>\n\t\t\t\t<div class=\"elementor-element elementor-element-88b1ece elementor-widget elementor-widget-text-editor\" data-id=\"88b1ece\" data-element_type=\"widget\" data-widget_type=\"text-editor.default\">\n\t\t\t\t<div class=\"elementor-widget-container\">\n\t\t\t\t\t\t\t\t\t<p>Es el monto resultante de los aportes realizados en la cuenta individual, por este concepto, m\u00e1s sus rendimientos, y que se le entregar\u00e1 al part\u00edcipe cuando se separe definitivamente de la Empresa.<\/p><p>El valor del aporte es el equivalente al 2% de la remuneraci\u00f3n mensual unificada del part\u00edcipe.<\/p>\t\t\t\t\t\t\t\t<\/div>\n\t\t\t\t<\/div>\n\t\t\t\t<\/div>\n\t\t<div class=\"elementor-element elementor-element-fd8cd6b e-con-full e-flex e-con e-child\" data-id=\"fd8cd6b\" data-element_type=\"container\">\n\t\t\t\t<div class=\"elementor-element elementor-element-917a74c elementor-widget elementor-widget-heading\" data-id=\"917a74c\" data-element_type=\"widget\" data-widget_type=\"heading.default\">\n\t\t\t\t<div class=\"elementor-widget-container\">\n\t\t\t\t\t<h2 class=\"elementor-heading-title elementor-size-default\">Pensi\u00f3n de jubilaci\u00f3n complementaria<\/h2>\t\t\t\t<\/div>\n\t\t\t\t<\/div>\n\t\t\t\t<div class=\"elementor-element elementor-element-8e69ce4 elementor-widget-divider--view-line_icon elementor-view-default elementor-widget-divider--element-align-center elementor-widget elementor-widget-divider\" data-id=\"8e69ce4\" data-element_type=\"widget\" data-widget_type=\"divider.default\">\n\t\t\t\t<div class=\"elementor-widget-container\">\n\t\t\t\t\t\t\t<div class=\"elementor-divider\">\n\t\t\t<span class=\"elementor-divider-separator\">\n\t\t\t\t\t\t\t<div class=\"elementor-icon elementor-divider__element\">\n\t\t\t\t\t<svg aria-hidden=\"true\" class=\"e-font-icon-svg e-fas-pallet\" viewBox=\"0 0 640 512\" xmlns=\"http:\/\/www.w3.org\/2000\/svg\"><path d=\"M144 256h352c8.8 0 16-7.2 16-16V16c0-8.8-7.2-16-16-16H384v128l-64-32-64 32V0H144c-8.8 0-16 7.2-16 16v224c0 8.8 7.2 16 16 16zm480 128c8.8 0 16-7.2 16-16v-32c0-8.8-7.2-16-16-16H16c-8.8 0-16 7.2-16 16v32c0 8.8 7.2 16 16 16h48v64H16c-8.8 0-16 7.2-16 16v32c0 8.8 7.2 16 16 16h608c8.8 0 16-7.2 16-16v-32c0-8.8-7.2-16-16-16h-48v-64h48zm-336 64H128v-64h160v64zm224 0H352v-64h160v64z\"><\/path><\/svg><\/div>\n\t\t\t\t\t\t<\/span>\n\t\t<\/div>\n\t\t\t\t\t\t<\/div>\n\t\t\t\t<\/div>\n\t\t\t\t<div class=\"elementor-element elementor-element-fbe5c11 elementor-widget elementor-widget-text-editor\" data-id=\"fbe5c11\" data-element_type=\"widget\" data-widget_type=\"text-editor.default\">\n\t\t\t\t<div class=\"elementor-widget-container\">\n\t\t\t\t\t\t\t\t\t<p>Es el valor mensual al que tienen derecho los part\u00edcipes, determinado por el saldo acumulado de su cuenta individual y la expectativa de sobrevivencia, al cumplir con los requisitos de edad y tiempo de aportaciones establecidos en la Ley de Seguridad Social para la jubilaci\u00f3n ordinaria de vejez del seguro obligatorio.<\/p><p>Tambi\u00e9n podr\u00e1n acceder a la jubilaci\u00f3n complementaria por vejez, aquellas personas que pese a que concluy\u00f3 su relaci\u00f3n laboral con el empleador, decidan mantener su cuenta individual en el \u201cFondo\u201d, sin tener derecho a efectuar aportes adicionales, hasta cumplir con los requisitos de edad y tiempo de aportaciones establecidas en la Ley de Seguridad Social para acceder a la jubilaci\u00f3n ordinaria de vejez del seguro obligatorio.<\/p><p>El valor del aporte es el equivalente al 5% de la remuneraci\u00f3n mensual unificada del part\u00edcipe.<\/p>\t\t\t\t\t\t\t\t<\/div>\n\t\t\t\t<\/div>\n\t\t\t\t<\/div>\n\t\t\t\t<\/div>\n\t\t\t\t<\/div>\n\t\t","protected":false},"excerpt":{"rendered":"<p>Prestaciones Requisitos Afiliaci\u00f3n Las personas que prestan servicios bajo relaci\u00f3n de dependencia en EP PETROECUADOR u otras empresas p\u00fablicas del sector hidrocarbur\u00edfero. Estar afiliado al IESS. Llenar formulario de afiliaci\u00f3n a ASOPREP-FCPC. No estar afiliado a otros fondos complementarios cerrados. Cesant\u00eda Es el monto resultante de los aportes realizados en la cuenta individual, por este [&hellip;]<\/p>\n","protected":false},"author":7,"featured_media":0,"parent":0,"menu_order":0,"comment_status":"closed","ping_status":"closed","template":"","meta":{"footnotes":""},"class_list":["post-350","page","type-page","status-publish","hentry"],"_links":{"self":[{"href":"https:\/\/asoprep.com.ec\/index.php?rest_route=\/wp\/v2\/pages\/350","targetHints":{"allow":["GET"]}}],"collection":[{"href":"https:\/\/asoprep.com.ec\/index.php?rest_route=\/wp\/v2\/pages"}],"about":[{"href":"https:\/\/asoprep.com.ec\/index.php?rest_route=\/wp\/v2\/types\/page"}],"author":[{"embeddable":true,"href":"https:\/\/asoprep.com.ec\/index.php?rest_route=\/wp\/v2\/users\/7"}],"replies":[{"embeddable":true,"href":"https:\/\/asoprep.com.ec\/index.php?rest_route=%2Fwp%2Fv2%2Fcomments&post=350"}],"version-history":[{"count":5,"href":"https:\/\/asoprep.com.ec\/index.php?rest_route=\/wp\/v2\/pages\/350\/revisions"}],"predecessor-version":[{"id":374,"href":"https:\/\/asoprep.com.ec\/index.php?rest_route=\/wp\/v2\/pages\/350\/revisions\/374"}],"wp:attachment":[{"href":"https:\/\/asoprep.com.ec\/index.php?rest_route=%2Fwp%2Fv2%2Fmedia&parent=350"}],"curies":[{"name":"wp","href":"https:\/\/api.w.org\/{rel}","templated":true}]}}